{"id":640,"date":"2024-10-28T12:46:43","date_gmt":"2024-10-28T11:46:43","guid":{"rendered":"https:\/\/gmsplesium.com\/?page_id=640"},"modified":"2025-04-11T10:15:37","modified_gmt":"2025-04-11T08:15:37","slug":"quieres-trabajar-con-nosotros","status":"publish","type":"page","link":"https:\/\/gmsplesium.com\/en\/trabaja-con-nosotros\/quieres-trabajar-con-nosotros\/","title":{"rendered":"Do you want to work with us?"},"content":{"rendered":"<div class=\"wp-block-cover is-light has-custom-content-position is-position-top-left aos-fade home1\" style=\"min-height:100vh;aspect-ratio:unset;\"><span aria-hidden=\"true\" class=\"wp-block-cover__background has-background-dim-0 has-background-dim\" style=\"background-color:#b6bfcb\"><\/span><img loading=\"lazy\" decoding=\"async\" width=\"1920\" height=\"1080\" class=\"wp-block-cover__image-background wp-image-630\" alt=\"\" src=\"https:\/\/gmsplesium.com\/wp-content\/uploads\/trabaja.jpg\" data-object-fit=\"cover\" srcset=\"https:\/\/gmsplesium.com\/wp-content\/uploads\/trabaja.jpg 1920w, https:\/\/gmsplesium.com\/wp-content\/uploads\/trabaja-300x169.jpg 300w, https:\/\/gmsplesium.com\/wp-content\/uploads\/trabaja-1024x576.jpg 1024w, https:\/\/gmsplesium.com\/wp-content\/uploads\/trabaja-150x84.jpg 150w, https:\/\/gmsplesium.com\/wp-content\/uploads\/trabaja-768x432.jpg 768w, https:\/\/gmsplesium.com\/wp-content\/uploads\/trabaja-1536x864.jpg 1536w\" sizes=\"auto, (max-width: 1920px) 100vw, 1920px\" \/><div class=\"wp-block-cover__inner-container is-layout-constrained wp-block-cover-is-layout-constrained\">\n<div class=\"wp-block-group aos-fade-right\"><div class=\"wp-block-group__inner-container is-layout-constrained wp-block-group-is-layout-constrained\">\n<p class=\"yoast-breadcrumbs\"><a href=\"https:\/\/gmsplesium.com\/\">Homepage<\/a> \/<a href=\"https:\/\/gmsplesium.com\/trabaja-con-nosotros\/quieres-trabajar-con-nosotros\/\"> Work with us<\/a> \/ Do you want to work with us?<\/p>\n\n\n\n<div style=\"height:20px\" aria-hidden=\"true\" class=\"wp-block-spacer\"><\/div>\n\n\n\n<h1 class=\"wp-block-heading has-text-align-left has-white-color has-text-color has-link-color has-large-font-size wp-elements-611aac2dddf2fa9935725b184101647d\">Do you want to work with us?<\/h1>\n<\/div><\/div>\n<\/div><\/div>\n\n\n\n<div style=\"height:100px\" aria-hidden=\"true\" class=\"wp-block-spacer\"><\/div>\n\n\n\n<div class=\"wp-block-group estrecho\"><div class=\"wp-block-group__inner-container is-layout-constrained wp-block-group-is-layout-constrained\">\n<div class=\"wp-block-columns trabaja1 is-layout-flex wp-container-core-columns-is-layout-9d6595d7 wp-block-columns-is-layout-flex\">\n<div class=\"wp-block-column is-layout-flow wp-block-column-is-layout-flow\">\n<h3 class=\"wp-block-heading has-black-color has-text-color has-link-color wp-elements-7b43d218dc4ca7c7b66d566d58ec7cd8\">GMS Plesium is a dynamic company that is constantly growing, which causes frequent personnel needs for various areas of the company.<\/h3>\n\n\n\n<div style=\"height:40px\" aria-hidden=\"true\" class=\"wp-block-spacer\"><\/div>\n\n\n\n<p>We are looking for people who want to get involved in our project, are empathetic and have the ability to work as a team.<\/p>\n\n\n\n<p>At GMS Plesium we are committed to working with enthusiasm and desire to add to the team that we all form.<\/p>\n\n\n\n<p>If you identify with our values, send us your resume and we will take it into account in our personnel selections.<\/p>\n<\/div>\n\n\n\n<div class=\"wp-block-column is-layout-flow wp-block-column-is-layout-flow\">\n<h3 class=\"wp-block-heading has-black-color has-text-color has-link-color wp-elements-807c7d4e3fc86effab8d3f55d76dc8d3\">Request<\/h3>\n\n\n\n<div style=\"height:40px\" aria-hidden=\"true\" class=\"wp-block-spacer\"><\/div>\n\n\n\n<div class=\"wp-block-contact-form-7-contact-form-selector\">\n<div class=\"wpcf7 no-js\" id=\"wpcf7-f644-o2\" lang=\"es-ES\" dir=\"ltr\" data-wpcf7-id=\"644\">\n<div class=\"screen-reader-response\"><p role=\"status\" aria-live=\"polite\" aria-atomic=\"true\"><\/p> <ul><\/ul><\/div>\n<form action=\"\/en\/wp-json\/wp\/v2\/pages\/640#wpcf7-f644-o2\" method=\"post\" class=\"wpcf7-form init\" aria-label=\"Formulario de contacto\" novalidate=\"novalidate\" data-status=\"init\">\n<fieldset class=\"hidden-fields-container\"><input type=\"hidden\" name=\"_wpcf7\" value=\"644\" \/><input type=\"hidden\" name=\"_wpcf7_version\" value=\"6.1.5\" \/><input type=\"hidden\" name=\"_wpcf7_locale\" value=\"es_ES\" \/><input type=\"hidden\" name=\"_wpcf7_unit_tag\" value=\"wpcf7-f644-o2\" \/><input type=\"hidden\" name=\"_wpcf7_container_post\" value=\"0\" \/><input type=\"hidden\" name=\"_wpcf7_posted_data_hash\" value=\"\" \/><input type=\"hidden\" name=\"_wpcf7_recaptcha_response\" value=\"\" \/>\n<\/fieldset>\n<p><label> Nombre y apellidos*<br \/>\n<span class=\"wpcf7-form-control-wrap\" data-name=\"your-name\"><input size=\"40\" maxlength=\"400\" class=\"wpcf7-form-control wpcf7-text wpcf7-validates-as-required\" autocomplete=\"name\" aria-required=\"true\" aria-invalid=\"false\" value=\"\" type=\"text\" name=\"your-name\" \/><\/span> <\/label>\n<\/p>\n<p><label> E-mail*<br \/>\n<span class=\"wpcf7-form-control-wrap\" data-name=\"your-email\"><input size=\"40\" maxlength=\"400\" class=\"wpcf7-form-control wpcf7-email wpcf7-validates-as-required wpcf7-text wpcf7-validates-as-email\" autocomplete=\"email\" aria-required=\"true\" aria-invalid=\"false\" value=\"\" type=\"email\" name=\"your-email\" \/><\/span> <\/label>\n<\/p>\n<p><label> Nacionalidad*<br \/>\n<span class=\"wpcf7-form-control-wrap\" data-name=\"your-nacionalidad\"><input size=\"40\" maxlength=\"400\" class=\"wpcf7-form-control wpcf7-text wpcf7-validates-as-required\" autocomplete=\"name\" aria-required=\"true\" aria-invalid=\"false\" value=\"\" type=\"text\" name=\"your-nacionalidad\" \/><\/span> <\/label>\n<\/p>\n<p><label> Ciudad de Residencia*<br \/>\n<span class=\"wpcf7-form-control-wrap\" data-name=\"your-ciudad\"><input size=\"40\" maxlength=\"400\" class=\"wpcf7-form-control wpcf7-text wpcf7-validates-as-required\" autocomplete=\"name\" aria-required=\"true\" aria-invalid=\"false\" value=\"\" type=\"text\" name=\"your-ciudad\" \/><\/span> <\/label>\n<\/p>\n<p><label> Area de Inter\u00e9s* <\/label><br \/>\n<span class=\"wpcf7-form-control-wrap\" data-name=\"interes\"><span class=\"wpcf7-form-control wpcf7-checkbox\"><span class=\"wpcf7-list-item first\"><label><input type=\"checkbox\" name=\"interes[]\" value=\"Comercial\" \/><span class=\"wpcf7-list-item-label\">Comercial<\/span><\/label><\/span><span class=\"wpcf7-list-item\"><label><input type=\"checkbox\" name=\"interes[]\" value=\"Producci\u00f3n\" \/><span class=\"wpcf7-list-item-label\">Producci\u00f3n<\/span><\/label><\/span><span class=\"wpcf7-list-item\"><label><input type=\"checkbox\" name=\"interes[]\" value=\"Compras\" \/><span class=\"wpcf7-list-item-label\">Compras<\/span><\/label><\/span><span class=\"wpcf7-list-item\"><label><input type=\"checkbox\" name=\"interes[]\" value=\"Ingenier\u00eda \/ Dpt. T\u00e9cnico\" \/><span class=\"wpcf7-list-item-label\">Ingenier\u00eda \/ Dpt. T\u00e9cnico<\/span><\/label><\/span><span class=\"wpcf7-list-item\"><label><input type=\"checkbox\" name=\"interes[]\" value=\"Log\u00edstica\" \/><span class=\"wpcf7-list-item-label\">Log\u00edstica<\/span><\/label><\/span><span class=\"wpcf7-list-item\"><label><input type=\"checkbox\" name=\"interes[]\" value=\"Administraci\u00f3n\" \/><span class=\"wpcf7-list-item-label\">Administraci\u00f3n<\/span><\/label><\/span><span class=\"wpcf7-list-item last\"><label><input type=\"checkbox\" name=\"interes[]\" value=\"Finanzas\" \/><span class=\"wpcf7-list-item-label\">Finanzas<\/span><\/label><\/span><\/span><\/span>\n<\/p>\n<p><label> Formaci\u00f3n* <\/label><br \/>\n<span class=\"wpcf7-form-control-wrap\" data-name=\"formacion\"><span class=\"wpcf7-form-control wpcf7-checkbox\"><span class=\"wpcf7-list-item first\"><label><input type=\"checkbox\" name=\"formacion[]\" value=\"Formaci\u00f3n profesional\" \/><span class=\"wpcf7-list-item-label\">Formaci\u00f3n profesional<\/span><\/label><\/span><span class=\"wpcf7-list-item\"><label><input type=\"checkbox\" name=\"formacion[]\" value=\"Diplomatura\" \/><span class=\"wpcf7-list-item-label\">Diplomatura<\/span><\/label><\/span><span class=\"wpcf7-list-item last\"><label><input type=\"checkbox\" name=\"formacion[]\" value=\"Licenciatura\" \/><span class=\"wpcf7-list-item-label\">Licenciatura<\/span><\/label><\/span><\/span><\/span>\n<\/p>\n<p><label> Cu\u00e9ntanos* <\/label><br \/>\n<span class=\"wpcf7-form-control-wrap\" data-name=\"cuentanos\"><textarea cols=\"40\" rows=\"10\" maxlength=\"2000\" class=\"wpcf7-form-control wpcf7-textarea\" aria-invalid=\"false\" name=\"cuentanos\"><\/textarea><\/span>\n<\/p>\n<p><span class=\"wpcf7-form-control-wrap\" data-name=\"acceptance-231\"><span class=\"wpcf7-form-control wpcf7-acceptance\"><span class=\"wpcf7-list-item\"><label><input type=\"checkbox\" name=\"acceptance-231\" value=\"1\" aria-invalid=\"false\" \/><span class=\"wpcf7-list-item-label\">He le\u00eddo y acepto los T\u00e9rminos y Condiciones y la Pol\u00edtica de Privacidad<\/span><\/label><\/span><\/span><\/span>\n<\/p>\n<p><input class=\"wpcf7-form-control wpcf7-submit has-spinner\" type=\"submit\" value=\"Enviar\" \/>\n<\/p><p style=\"display: none !important;\" class=\"akismet-fields-container\" data-prefix=\"_wpcf7_ak_\"><label>&#916;<textarea name=\"_wpcf7_ak_hp_textarea\" cols=\"45\" rows=\"8\" maxlength=\"100\"><\/textarea><\/label><input type=\"hidden\" id=\"ak_js_2\" name=\"_wpcf7_ak_js\" value=\"152\"\/><script>document.getElementById( \"ak_js_2\" ).setAttribute( \"value\", ( new Date() ).getTime() );<\/script><\/p><div class=\"wpcf7-response-output\" aria-hidden=\"true\"><\/div>\n<\/form>\n<\/div>\n<\/div>\n<\/div>\n<\/div>\n<\/div><\/div>\n\n\n\n<div style=\"height:100px\" aria-hidden=\"true\" class=\"wp-block-spacer\"><\/div>","protected":false},"excerpt":{"rendered":"<p>GMS Plesium is a dynamic company that is constantly growing, which causes frequent personnel needs for various areas of the company. We are looking for people who want to get involved in our project, are empathetic and have the ability to work as a team. At GMS Plesium we are committed to working with enthusiasm [&hellip;]<\/p>\n","protected":false},"author":1,"featured_media":0,"parent":10,"menu_order":0,"comment_status":"closed","ping_status":"closed","template":"","meta":{"inline_featured_image":false,"footnotes":""},"class_list":["post-640","page","type-page","status-publish","hentry"],"yoast_head":"<!-- This site is optimized with the Yoast SEO plugin v27.4 - https:\/\/yoast.com\/product\/yoast-seo-wordpress\/ -->\n<title>Do you want to work with us? - GMS Plesium<\/title>\n<meta name=\"robots\" content=\"index, follow, max-snippet:-1, max-image-preview:large, max-video-preview:-1\" \/>\n<link rel=\"canonical\" href=\"https:\/\/gmsplesium.com\/en\/trabaja-con-nosotros\/quieres-trabajar-con-nosotros\/\" \/>\n<meta property=\"og:locale\" content=\"en_US\" \/>\n<meta property=\"og:type\" content=\"article\" \/>\n<meta property=\"og:title\" content=\"Do you want to work with us? - GMS Plesium\" \/>\n<meta property=\"og:description\" content=\"GMS Plesium is a dynamic company that is constantly growing, which causes frequent personnel needs for various areas of the company. We are looking for people who want to get involved in our project, are empathetic and have the ability to work as a team. At GMS Plesium we are committed to working with enthusiasm [&hellip;]\" \/>\n<meta property=\"og:url\" content=\"https:\/\/gmsplesium.com\/en\/trabaja-con-nosotros\/quieres-trabajar-con-nosotros\/\" \/>\n<meta property=\"og:site_name\" content=\"GMS Plesium\" \/>\n<meta property=\"article:modified_time\" content=\"2025-04-11T08:15:37+00:00\" \/>\n<meta property=\"og:image\" content=\"https:\/\/gmsplesium.com\/wp-content\/uploads\/trabaja.jpg\" \/>\n\t<meta property=\"og:image:width\" content=\"1920\" \/>\n\t<meta property=\"og:image:height\" content=\"1080\" \/>\n\t<meta property=\"og:image:type\" content=\"image\/jpeg\" \/>\n<meta name=\"twitter:card\" content=\"summary_large_image\" \/>\n<meta name=\"twitter:label1\" content=\"Est. reading time\" \/>\n\t<meta name=\"twitter:data1\" content=\"1 minute\" \/>\n<script type=\"application\/ld+json\" class=\"yoast-schema-graph\">{\"@context\":\"https:\\\/\\\/schema.org\",\"@graph\":[{\"@type\":\"WebPage\",\"@id\":\"https:\\\/\\\/gmsplesium.com\\\/en\\\/trabaja-con-nosotros\\\/quieres-trabajar-con-nosotros\\\/\",\"url\":\"https:\\\/\\\/gmsplesium.com\\\/en\\\/trabaja-con-nosotros\\\/quieres-trabajar-con-nosotros\\\/\",\"name\":\"Do you want to work with us? - GMS Plesium\",\"isPartOf\":{\"@id\":\"https:\\\/\\\/gmsplesium.com\\\/en\\\/#website\"},\"primaryImageOfPage\":{\"@id\":\"https:\\\/\\\/gmsplesium.com\\\/en\\\/trabaja-con-nosotros\\\/quieres-trabajar-con-nosotros\\\/#primaryimage\"},\"image\":{\"@id\":\"https:\\\/\\\/gmsplesium.com\\\/trabaja-con-nosotros\\\/quieres-trabajar-con-nosotros\\\/#primaryimage\"},\"thumbnailUrl\":\"https:\\\/\\\/gmsplesium.com\\\/wp-content\\\/uploads\\\/trabaja.jpg\",\"datePublished\":\"2024-10-28T11:46:43+00:00\",\"dateModified\":\"2025-04-11T08:15:37+00:00\",\"breadcrumb\":{\"@id\":\"https:\\\/\\\/gmsplesium.com\\\/en\\\/trabaja-con-nosotros\\\/quieres-trabajar-con-nosotros\\\/#breadcrumb\"},\"inLanguage\":\"en-US\",\"potentialAction\":[{\"@type\":\"ReadAction\",\"target\":[[\"https:\\\/\\\/gmsplesium.com\\\/en\\\/trabaja-con-nosotros\\\/quieres-trabajar-con-nosotros\\\/\"]]}]},{\"@type\":\"ImageObject\",\"inLanguage\":\"en-US\",\"@id\":\"https:\\\/\\\/gmsplesium.com\\\/en\\\/trabaja-con-nosotros\\\/quieres-trabajar-con-nosotros\\\/#primaryimage\",\"url\":\"https:\\\/\\\/gmsplesium.com\\\/wp-content\\\/uploads\\\/trabaja.jpg\",\"contentUrl\":\"https:\\\/\\\/gmsplesium.com\\\/wp-content\\\/uploads\\\/trabaja.jpg\"},{\"@type\":\"BreadcrumbList\",\"@id\":\"https:\\\/\\\/gmsplesium.com\\\/en\\\/trabaja-con-nosotros\\\/quieres-trabajar-con-nosotros\\\/#breadcrumb\",\"itemListElement\":[{\"@type\":\"ListItem\",\"position\":1,\"name\":\"Inicio\",\"item\":\"https:\\\/\\\/gmsplesium.com\\\/en\\\/\"},{\"@type\":\"ListItem\",\"position\":2,\"name\":\"Trabaja con nosotros\",\"item\":\"https:\\\/\\\/gmsplesium.com\\\/en\\\/trabaja-con-nosotros\\\/\"},{\"@type\":\"ListItem\",\"position\":3,\"name\":\"\u00bfQuieres trabajar con nosotros?\"}]},{\"@type\":\"WebSite\",\"@id\":\"https:\\\/\\\/gmsplesium.com\\\/en\\\/#website\",\"url\":\"https:\\\/\\\/gmsplesium.com\\\/en\\\/\",\"name\":\"GMS Plesium\",\"description\":\"[:es]Desarrollo de equipos de mantenimiento para ej\u00e9rcitos[:]\",\"potentialAction\":[{\"@type\":\"SearchAction\",\"target\":{\"@type\":\"EntryPoint\",\"urlTemplate\":\"https:\\\/\\\/gmsplesium.com\\\/en\\\/?s={search_term_string}\"},\"query-input\":{\"@type\":\"PropertyValueSpecification\",\"valueRequired\":true,\"valueName\":\"search_term_string\"}}],\"inLanguage\":\"en-US\"}]}<\/script>\n<!-- \/ Yoast SEO plugin. -->","yoast_head_json":{"title":"Do you want to work with us? - GMS Plesium","robots":{"index":"index","follow":"follow","max-snippet":"max-snippet:-1","max-image-preview":"max-image-preview:large","max-video-preview":"max-video-preview:-1"},"canonical":"https:\/\/gmsplesium.com\/en\/trabaja-con-nosotros\/quieres-trabajar-con-nosotros\/","og_locale":"en_US","og_type":"article","og_title":"Do you want to work with us? - GMS Plesium","og_description":"GMS Plesium is a dynamic company that is constantly growing, which causes frequent personnel needs for various areas of the company. We are looking for people who want to get involved in our project, are empathetic and have the ability to work as a team. At GMS Plesium we are committed to working with enthusiasm [&hellip;]","og_url":"https:\/\/gmsplesium.com\/en\/trabaja-con-nosotros\/quieres-trabajar-con-nosotros\/","og_site_name":"GMS Plesium","article_modified_time":"2025-04-11T08:15:37+00:00","og_image":[{"width":1920,"height":1080,"url":"https:\/\/gmsplesium.com\/wp-content\/uploads\/trabaja.jpg","type":"image\/jpeg"}],"twitter_card":"summary_large_image","twitter_misc":{"Est. reading time":"1 minute"},"schema":{"@context":"https:\/\/schema.org","@graph":[{"@type":"WebPage","@id":"https:\/\/gmsplesium.com\/en\/trabaja-con-nosotros\/quieres-trabajar-con-nosotros\/","url":"https:\/\/gmsplesium.com\/en\/trabaja-con-nosotros\/quieres-trabajar-con-nosotros\/","name":"Do you want to work with us? - GMS Plesium","isPartOf":{"@id":"https:\/\/gmsplesium.com\/en\/#website"},"primaryImageOfPage":{"@id":"https:\/\/gmsplesium.com\/en\/trabaja-con-nosotros\/quieres-trabajar-con-nosotros\/#primaryimage"},"image":{"@id":"https:\/\/gmsplesium.com\/trabaja-con-nosotros\/quieres-trabajar-con-nosotros\/#primaryimage"},"thumbnailUrl":"https:\/\/gmsplesium.com\/wp-content\/uploads\/trabaja.jpg","datePublished":"2024-10-28T11:46:43+00:00","dateModified":"2025-04-11T08:15:37+00:00","breadcrumb":{"@id":"https:\/\/gmsplesium.com\/en\/trabaja-con-nosotros\/quieres-trabajar-con-nosotros\/#breadcrumb"},"inLanguage":"en-US","potentialAction":[{"@type":"ReadAction","target":[["https:\/\/gmsplesium.com\/en\/trabaja-con-nosotros\/quieres-trabajar-con-nosotros\/"]]}]},{"@type":"ImageObject","inLanguage":"en-US","@id":"https:\/\/gmsplesium.com\/en\/trabaja-con-nosotros\/quieres-trabajar-con-nosotros\/#primaryimage","url":"https:\/\/gmsplesium.com\/wp-content\/uploads\/trabaja.jpg","contentUrl":"https:\/\/gmsplesium.com\/wp-content\/uploads\/trabaja.jpg"},{"@type":"BreadcrumbList","@id":"https:\/\/gmsplesium.com\/en\/trabaja-con-nosotros\/quieres-trabajar-con-nosotros\/#breadcrumb","itemListElement":[{"@type":"ListItem","position":1,"name":"Inicio","item":"https:\/\/gmsplesium.com\/en\/"},{"@type":"ListItem","position":2,"name":"Trabaja con nosotros","item":"https:\/\/gmsplesium.com\/en\/trabaja-con-nosotros\/"},{"@type":"ListItem","position":3,"name":"\u00bfQuieres trabajar con nosotros?"}]},{"@type":"WebSite","@id":"https:\/\/gmsplesium.com\/en\/#website","url":"https:\/\/gmsplesium.com\/en\/","name":"GMS Plesium","description":"[:es]Desarrollo de equipos de mantenimiento para ej\u00e9rcitos[:]","potentialAction":[{"@type":"SearchAction","target":{"@type":"EntryPoint","urlTemplate":"https:\/\/gmsplesium.com\/en\/?s={search_term_string}"},"query-input":{"@type":"PropertyValueSpecification","valueRequired":true,"valueName":"search_term_string"}}],"inLanguage":"en-US"}]}},"_links":{"self":[{"href":"https:\/\/gmsplesium.com\/en\/wp-json\/wp\/v2\/pages\/640","targetHints":{"allow":["GET"]}}],"collection":[{"href":"https:\/\/gmsplesium.com\/en\/wp-json\/wp\/v2\/pages"}],"about":[{"href":"https:\/\/gmsplesium.com\/en\/wp-json\/wp\/v2\/types\/page"}],"author":[{"embeddable":true,"href":"https:\/\/gmsplesium.com\/en\/wp-json\/wp\/v2\/users\/1"}],"replies":[{"embeddable":true,"href":"https:\/\/gmsplesium.com\/en\/wp-json\/wp\/v2\/comments?post=640"}],"version-history":[{"count":13,"href":"https:\/\/gmsplesium.com\/en\/wp-json\/wp\/v2\/pages\/640\/revisions"}],"predecessor-version":[{"id":1478,"href":"https:\/\/gmsplesium.com\/en\/wp-json\/wp\/v2\/pages\/640\/revisions\/1478"}],"up":[{"embeddable":true,"href":"https:\/\/gmsplesium.com\/en\/wp-json\/wp\/v2\/pages\/10"}],"wp:attachment":[{"href":"https:\/\/gmsplesium.com\/en\/wp-json\/wp\/v2\/media?parent=640"}],"curies":[{"name":"wp","href":"https:\/\/api.w.org\/{rel}","templated":true}]}}