{"id":636,"date":"2024-10-28T12:45:04","date_gmt":"2024-10-28T11:45:04","guid":{"rendered":"https:\/\/gmsplesium.com\/?page_id=636"},"modified":"2025-04-11T10:15:53","modified_gmt":"2025-04-11T08:15:53","slug":"estamos-buscando","status":"publish","type":"page","link":"https:\/\/gmsplesium.com\/en\/trabaja-con-nosotros\/estamos-buscando\/","title":{"rendered":"We are looking for"},"content":{"rendered":"<div class=\"wp-block-cover is-light has-custom-content-position is-position-top-left aos-fade home1\" style=\"min-height:100vh;aspect-ratio:unset;\"><span aria-hidden=\"true\" class=\"wp-block-cover__background has-background-dim-0 has-background-dim\" style=\"background-color:#b6bfcb\"><\/span><img loading=\"lazy\" decoding=\"async\" width=\"1920\" height=\"1080\" class=\"wp-block-cover__image-background wp-image-630\" alt=\"\" src=\"https:\/\/gmsplesium.com\/wp-content\/uploads\/trabaja.jpg\" data-object-fit=\"cover\" srcset=\"https:\/\/gmsplesium.com\/wp-content\/uploads\/trabaja.jpg 1920w, https:\/\/gmsplesium.com\/wp-content\/uploads\/trabaja-300x169.jpg 300w, https:\/\/gmsplesium.com\/wp-content\/uploads\/trabaja-1024x576.jpg 1024w, https:\/\/gmsplesium.com\/wp-content\/uploads\/trabaja-150x84.jpg 150w, https:\/\/gmsplesium.com\/wp-content\/uploads\/trabaja-768x432.jpg 768w, https:\/\/gmsplesium.com\/wp-content\/uploads\/trabaja-1536x864.jpg 1536w\" sizes=\"auto, (max-width: 1920px) 100vw, 1920px\" \/><div class=\"wp-block-cover__inner-container is-layout-constrained wp-block-cover-is-layout-constrained\">\n<div class=\"wp-block-group aos-fade-right\"><div class=\"wp-block-group__inner-container is-layout-constrained wp-block-group-is-layout-constrained\">\n<p class=\"yoast-breadcrumbs\"><a href=\"https:\/\/gmsplesium.com\/\">Homepage<\/a> \/<a href=\"https:\/\/gmsplesium.com\/trabaja-con-nosotros\/quieres-trabajar-con-nosotros\/\"> Work with us<\/a> \/ We are looking for<\/p>\n\n\n\n<div style=\"height:20px\" aria-hidden=\"true\" class=\"wp-block-spacer\"><\/div>\n\n\n\n<h1 class=\"wp-block-heading has-text-align-left has-white-color has-text-color has-link-color has-large-font-size wp-elements-1c09c11424f83e754c65d051259f1e69\">We are looking for<\/h1>\n<\/div><\/div>\n<\/div><\/div>\n\n\n\n<div style=\"height:100px\" aria-hidden=\"true\" class=\"wp-block-spacer\"><\/div>\n\n\n\n<div class=\"wp-block-group estrecho\"><div class=\"wp-block-group__inner-container is-layout-constrained wp-block-group-is-layout-constrained\">\n<div class=\"wp-block-columns trabaja1 is-layout-flex wp-container-core-columns-is-layout-9d6595d7 wp-block-columns-is-layout-flex\">\n<div class=\"wp-block-column is-layout-flow wp-block-column-is-layout-flow\">\n<h3 class=\"wp-block-heading has-black-color has-text-color has-link-color wp-elements-18a755cb4ce2b216040844e93031be07\">Current offers<\/h3>\n\n\n\n<div style=\"height:40px\" aria-hidden=\"true\" class=\"wp-block-spacer\"><\/div>\n\n\n\n<p>Production Operator, experienced assembler\/adjuster, to join our team.<\/p>\n<\/div>\n\n\n\n<div class=\"wp-block-column is-layout-flow wp-block-column-is-layout-flow\">\n<h3 class=\"wp-block-heading has-black-color has-text-color has-link-color wp-elements-2a4db78207119e98cb68e05f7f432c94\">Reques<\/h3>\n\n\n\n<div style=\"height:40px\" aria-hidden=\"true\" class=\"wp-block-spacer\"><\/div>\n\n\n\n<div class=\"wp-block-contact-form-7-contact-form-selector\">\n<div class=\"wpcf7 no-js\" id=\"wpcf7-f5-o2\" lang=\"es-ES\" dir=\"ltr\" data-wpcf7-id=\"5\">\n<div class=\"screen-reader-response\"><p role=\"status\" aria-live=\"polite\" aria-atomic=\"true\"><\/p> <ul><\/ul><\/div>\n<form action=\"\/en\/wp-json\/wp\/v2\/pages\/636#wpcf7-f5-o2\" method=\"post\" class=\"wpcf7-form init\" aria-label=\"Formulario de contacto\" enctype=\"multipart\/form-data\" novalidate=\"novalidate\" data-status=\"init\">\n<fieldset class=\"hidden-fields-container\"><input type=\"hidden\" name=\"_wpcf7\" value=\"5\" \/><input type=\"hidden\" name=\"_wpcf7_version\" value=\"6.1.5\" \/><input type=\"hidden\" name=\"_wpcf7_locale\" value=\"es_ES\" \/><input type=\"hidden\" name=\"_wpcf7_unit_tag\" value=\"wpcf7-f5-o2\" \/><input type=\"hidden\" name=\"_wpcf7_container_post\" value=\"0\" \/><input type=\"hidden\" name=\"_wpcf7_posted_data_hash\" value=\"\" \/><input type=\"hidden\" name=\"_wpcf7_recaptcha_response\" value=\"\" \/>\n<\/fieldset>\n<p><label> Nombre y apellidos<br \/>\n<span class=\"wpcf7-form-control-wrap\" data-name=\"your-name\"><input size=\"40\" maxlength=\"400\" class=\"wpcf7-form-control wpcf7-text wpcf7-validates-as-required\" autocomplete=\"name\" aria-required=\"true\" aria-invalid=\"false\" value=\"\" type=\"text\" name=\"your-name\" \/><\/span> <\/label>\n<\/p>\n<p><label> E-mail<br \/>\n<span class=\"wpcf7-form-control-wrap\" data-name=\"your-email\"><input size=\"40\" maxlength=\"400\" class=\"wpcf7-form-control wpcf7-email wpcf7-validates-as-required wpcf7-text wpcf7-validates-as-email\" autocomplete=\"email\" aria-required=\"true\" aria-invalid=\"false\" value=\"\" type=\"email\" name=\"your-email\" \/><\/span> <\/label>\n<\/p>\n<p><label> Cuentanos un poco sobre ti<br \/>\n<span class=\"wpcf7-form-control-wrap\" data-name=\"your-message\"><textarea cols=\"40\" rows=\"10\" maxlength=\"2000\" class=\"wpcf7-form-control wpcf7-textarea\" aria-invalid=\"false\" name=\"your-message\"><\/textarea><\/span> <\/label>\n<\/p>\n<p><label> Adjuntar CV* <\/label><br \/>\n<span class=\"wpcf7-form-control-wrap\" data-name=\"AdjuntarCV\"><input size=\"40\" class=\"wpcf7-form-control wpcf7-file\" accept=\"audio\/*,video\/*,image\/*\" aria-invalid=\"false\" type=\"file\" name=\"AdjuntarCV\" \/><\/span>\n<\/p>\n<p><span class=\"wpcf7-form-control-wrap\" data-name=\"acceptance-541\"><span class=\"wpcf7-form-control wpcf7-acceptance\"><span class=\"wpcf7-list-item\"><label><input type=\"checkbox\" name=\"acceptance-541\" value=\"1\" aria-invalid=\"false\" \/><span class=\"wpcf7-list-item-label\">He le\u00eddo y acepto los T\u00e9rminos y Condiciones y la Pol\u00edtica de Privacidad<\/span><\/label><\/span><\/span><\/span>\n<\/p>\n<p><input class=\"wpcf7-form-control wpcf7-submit has-spinner\" type=\"submit\" value=\"Enviar\" \/>\n<\/p><p style=\"display: none !important;\" class=\"akismet-fields-container\" data-prefix=\"_wpcf7_ak_\"><label>&#916;<textarea name=\"_wpcf7_ak_hp_textarea\" cols=\"45\" rows=\"8\" maxlength=\"100\"><\/textarea><\/label><input type=\"hidden\" id=\"ak_js_2\" name=\"_wpcf7_ak_js\" value=\"179\"\/><script type=\"text\/javascript\">\n\/* <![CDATA[ *\/\ndocument.getElementById( \"ak_js_2\" ).setAttribute( \"value\", ( new Date() ).getTime() );\n\/* ]]> *\/\n<\/script>\n<\/p><div class=\"wpcf7-response-output\" aria-hidden=\"true\"><\/div>\n<\/form>\n<\/div>\n<\/div>\n<\/div>\n<\/div>\n<\/div><\/div>\n\n\n\n<div style=\"height:100px\" aria-hidden=\"true\" class=\"wp-block-spacer\"><\/div>","protected":false},"excerpt":{"rendered":"<p>Current offers Production Operator, experienced assembler\/adjuster, to join our team. Reques<\/p>\n","protected":false},"author":1,"featured_media":0,"parent":10,"menu_order":0,"comment_status":"closed","ping_status":"closed","template":"","meta":{"inline_featured_image":false,"footnotes":""},"class_list":["post-636","page","type-page","status-publish","hentry"],"yoast_head":"<!-- This site is optimized with the Yoast SEO plugin v27.4 - https:\/\/yoast.com\/product\/yoast-seo-wordpress\/ -->\n<title>We are looking for - GMS Plesium<\/title>\n<meta name=\"robots\" content=\"index, follow, max-snippet:-1, max-image-preview:large, max-video-preview:-1\" \/>\n<link rel=\"canonical\" href=\"https:\/\/gmsplesium.com\/en\/trabaja-con-nosotros\/estamos-buscando\/\" \/>\n<meta property=\"og:locale\" content=\"en_US\" \/>\n<meta property=\"og:type\" content=\"article\" \/>\n<meta property=\"og:title\" content=\"We are looking for - GMS Plesium\" \/>\n<meta property=\"og:description\" content=\"Current offers Production Operator, experienced assembler\/adjuster, to join our team. Reques\" \/>\n<meta property=\"og:url\" content=\"https:\/\/gmsplesium.com\/en\/trabaja-con-nosotros\/estamos-buscando\/\" \/>\n<meta property=\"og:site_name\" content=\"GMS Plesium\" \/>\n<meta property=\"article:modified_time\" content=\"2025-04-11T08:15:53+00:00\" \/>\n<meta property=\"og:image\" content=\"https:\/\/gmsplesium.com\/wp-content\/uploads\/trabaja.jpg\" \/>\n\t<meta property=\"og:image:width\" content=\"1920\" \/>\n\t<meta property=\"og:image:height\" content=\"1080\" \/>\n\t<meta property=\"og:image:type\" content=\"image\/jpeg\" \/>\n<meta name=\"twitter:card\" content=\"summary_large_image\" \/>\n<meta name=\"twitter:label1\" content=\"Est. reading time\" \/>\n\t<meta name=\"twitter:data1\" content=\"1 minute\" \/>\n<script type=\"application\/ld+json\" class=\"yoast-schema-graph\">{\"@context\":\"https:\\\/\\\/schema.org\",\"@graph\":[{\"@type\":\"WebPage\",\"@id\":\"https:\\\/\\\/gmsplesium.com\\\/en\\\/trabaja-con-nosotros\\\/estamos-buscando\\\/\",\"url\":\"https:\\\/\\\/gmsplesium.com\\\/en\\\/trabaja-con-nosotros\\\/estamos-buscando\\\/\",\"name\":\"We are looking for - GMS Plesium\",\"isPartOf\":{\"@id\":\"https:\\\/\\\/gmsplesium.com\\\/en\\\/#website\"},\"primaryImageOfPage\":{\"@id\":\"https:\\\/\\\/gmsplesium.com\\\/en\\\/trabaja-con-nosotros\\\/estamos-buscando\\\/#primaryimage\"},\"image\":{\"@id\":\"https:\\\/\\\/gmsplesium.com\\\/trabaja-con-nosotros\\\/estamos-buscando\\\/#primaryimage\"},\"thumbnailUrl\":\"https:\\\/\\\/gmsplesium.com\\\/wp-content\\\/uploads\\\/trabaja.jpg\",\"datePublished\":\"2024-10-28T11:45:04+00:00\",\"dateModified\":\"2025-04-11T08:15:53+00:00\",\"breadcrumb\":{\"@id\":\"https:\\\/\\\/gmsplesium.com\\\/en\\\/trabaja-con-nosotros\\\/estamos-buscando\\\/#breadcrumb\"},\"inLanguage\":\"en-US\",\"potentialAction\":[{\"@type\":\"ReadAction\",\"target\":[[\"https:\\\/\\\/gmsplesium.com\\\/en\\\/trabaja-con-nosotros\\\/estamos-buscando\\\/\"]]}]},{\"@type\":\"ImageObject\",\"inLanguage\":\"en-US\",\"@id\":\"https:\\\/\\\/gmsplesium.com\\\/en\\\/trabaja-con-nosotros\\\/estamos-buscando\\\/#primaryimage\",\"url\":\"https:\\\/\\\/gmsplesium.com\\\/wp-content\\\/uploads\\\/trabaja.jpg\",\"contentUrl\":\"https:\\\/\\\/gmsplesium.com\\\/wp-content\\\/uploads\\\/trabaja.jpg\"},{\"@type\":\"BreadcrumbList\",\"@id\":\"https:\\\/\\\/gmsplesium.com\\\/en\\\/trabaja-con-nosotros\\\/estamos-buscando\\\/#breadcrumb\",\"itemListElement\":[{\"@type\":\"ListItem\",\"position\":1,\"name\":\"Inicio\",\"item\":\"https:\\\/\\\/gmsplesium.com\\\/en\\\/\"},{\"@type\":\"ListItem\",\"position\":2,\"name\":\"Trabaja con nosotros\",\"item\":\"https:\\\/\\\/gmsplesium.com\\\/en\\\/trabaja-con-nosotros\\\/\"},{\"@type\":\"ListItem\",\"position\":3,\"name\":\"Estamos buscando\"}]},{\"@type\":\"WebSite\",\"@id\":\"https:\\\/\\\/gmsplesium.com\\\/en\\\/#website\",\"url\":\"https:\\\/\\\/gmsplesium.com\\\/en\\\/\",\"name\":\"GMS Plesium\",\"description\":\"[:es]Desarrollo de equipos de mantenimiento para ej\u00e9rcitos[:]\",\"potentialAction\":[{\"@type\":\"SearchAction\",\"target\":{\"@type\":\"EntryPoint\",\"urlTemplate\":\"https:\\\/\\\/gmsplesium.com\\\/en\\\/?s={search_term_string}\"},\"query-input\":{\"@type\":\"PropertyValueSpecification\",\"valueRequired\":true,\"valueName\":\"search_term_string\"}}],\"inLanguage\":\"en-US\"}]}<\/script>\n<!-- \/ Yoast SEO plugin. -->","yoast_head_json":{"title":"We are looking for - GMS Plesium","robots":{"index":"index","follow":"follow","max-snippet":"max-snippet:-1","max-image-preview":"max-image-preview:large","max-video-preview":"max-video-preview:-1"},"canonical":"https:\/\/gmsplesium.com\/en\/trabaja-con-nosotros\/estamos-buscando\/","og_locale":"en_US","og_type":"article","og_title":"We are looking for - GMS Plesium","og_description":"Current offers Production Operator, experienced assembler\/adjuster, to join our team. Reques","og_url":"https:\/\/gmsplesium.com\/en\/trabaja-con-nosotros\/estamos-buscando\/","og_site_name":"GMS Plesium","article_modified_time":"2025-04-11T08:15:53+00:00","og_image":[{"width":1920,"height":1080,"url":"https:\/\/gmsplesium.com\/wp-content\/uploads\/trabaja.jpg","type":"image\/jpeg"}],"twitter_card":"summary_large_image","twitter_misc":{"Est. reading time":"1 minute"},"schema":{"@context":"https:\/\/schema.org","@graph":[{"@type":"WebPage","@id":"https:\/\/gmsplesium.com\/en\/trabaja-con-nosotros\/estamos-buscando\/","url":"https:\/\/gmsplesium.com\/en\/trabaja-con-nosotros\/estamos-buscando\/","name":"We are looking for - GMS Plesium","isPartOf":{"@id":"https:\/\/gmsplesium.com\/en\/#website"},"primaryImageOfPage":{"@id":"https:\/\/gmsplesium.com\/en\/trabaja-con-nosotros\/estamos-buscando\/#primaryimage"},"image":{"@id":"https:\/\/gmsplesium.com\/trabaja-con-nosotros\/estamos-buscando\/#primaryimage"},"thumbnailUrl":"https:\/\/gmsplesium.com\/wp-content\/uploads\/trabaja.jpg","datePublished":"2024-10-28T11:45:04+00:00","dateModified":"2025-04-11T08:15:53+00:00","breadcrumb":{"@id":"https:\/\/gmsplesium.com\/en\/trabaja-con-nosotros\/estamos-buscando\/#breadcrumb"},"inLanguage":"en-US","potentialAction":[{"@type":"ReadAction","target":[["https:\/\/gmsplesium.com\/en\/trabaja-con-nosotros\/estamos-buscando\/"]]}]},{"@type":"ImageObject","inLanguage":"en-US","@id":"https:\/\/gmsplesium.com\/en\/trabaja-con-nosotros\/estamos-buscando\/#primaryimage","url":"https:\/\/gmsplesium.com\/wp-content\/uploads\/trabaja.jpg","contentUrl":"https:\/\/gmsplesium.com\/wp-content\/uploads\/trabaja.jpg"},{"@type":"BreadcrumbList","@id":"https:\/\/gmsplesium.com\/en\/trabaja-con-nosotros\/estamos-buscando\/#breadcrumb","itemListElement":[{"@type":"ListItem","position":1,"name":"Inicio","item":"https:\/\/gmsplesium.com\/en\/"},{"@type":"ListItem","position":2,"name":"Trabaja con nosotros","item":"https:\/\/gmsplesium.com\/en\/trabaja-con-nosotros\/"},{"@type":"ListItem","position":3,"name":"Estamos buscando"}]},{"@type":"WebSite","@id":"https:\/\/gmsplesium.com\/en\/#website","url":"https:\/\/gmsplesium.com\/en\/","name":"GMS Plesium","description":"[:es]Desarrollo de equipos de mantenimiento para ej\u00e9rcitos[:]","potentialAction":[{"@type":"SearchAction","target":{"@type":"EntryPoint","urlTemplate":"https:\/\/gmsplesium.com\/en\/?s={search_term_string}"},"query-input":{"@type":"PropertyValueSpecification","valueRequired":true,"valueName":"search_term_string"}}],"inLanguage":"en-US"}]}},"_links":{"self":[{"href":"https:\/\/gmsplesium.com\/en\/wp-json\/wp\/v2\/pages\/636","targetHints":{"allow":["GET"]}}],"collection":[{"href":"https:\/\/gmsplesium.com\/en\/wp-json\/wp\/v2\/pages"}],"about":[{"href":"https:\/\/gmsplesium.com\/en\/wp-json\/wp\/v2\/types\/page"}],"author":[{"embeddable":true,"href":"https:\/\/gmsplesium.com\/en\/wp-json\/wp\/v2\/users\/1"}],"replies":[{"embeddable":true,"href":"https:\/\/gmsplesium.com\/en\/wp-json\/wp\/v2\/comments?post=636"}],"version-history":[{"count":15,"href":"https:\/\/gmsplesium.com\/en\/wp-json\/wp\/v2\/pages\/636\/revisions"}],"predecessor-version":[{"id":1479,"href":"https:\/\/gmsplesium.com\/en\/wp-json\/wp\/v2\/pages\/636\/revisions\/1479"}],"up":[{"embeddable":true,"href":"https:\/\/gmsplesium.com\/en\/wp-json\/wp\/v2\/pages\/10"}],"wp:attachment":[{"href":"https:\/\/gmsplesium.com\/en\/wp-json\/wp\/v2\/media?parent=636"}],"curies":[{"name":"wp","href":"https:\/\/api.w.org\/{rel}","templated":true}]}}