{"id":12,"date":"2024-10-23T14:45:50","date_gmt":"2024-10-23T12:45:50","guid":{"rendered":"https:\/\/gmsplesium.com\/?page_id=12"},"modified":"2025-04-11T10:14:24","modified_gmt":"2025-04-11T08:14:24","slug":"contacta","status":"publish","type":"page","link":"https:\/\/gmsplesium.com\/en\/contacta\/","title":{"rendered":"Contact us"},"content":{"rendered":"<div class=\"wp-block-cover has-custom-content-position is-position-top-left aos-fade home1\" style=\"min-height:100vh;aspect-ratio:unset;\"><span aria-hidden=\"true\" class=\"wp-block-cover__background has-background-dim-0 has-background-dim\" style=\"background-color:#b6bfcb\"><\/span><img loading=\"lazy\" decoding=\"async\" width=\"1900\" height=\"888\" class=\"wp-block-cover__image-background wp-image-1167\" alt=\"\" src=\"https:\/\/gmsplesium.com\/wp-content\/uploads\/intro_contacta.jpg\" data-object-fit=\"cover\" srcset=\"https:\/\/gmsplesium.com\/wp-content\/uploads\/intro_contacta.jpg 1900w, https:\/\/gmsplesium.com\/wp-content\/uploads\/intro_contacta-300x140.jpg 300w, https:\/\/gmsplesium.com\/wp-content\/uploads\/intro_contacta-1024x479.jpg 1024w, https:\/\/gmsplesium.com\/wp-content\/uploads\/intro_contacta-150x70.jpg 150w, https:\/\/gmsplesium.com\/wp-content\/uploads\/intro_contacta-768x359.jpg 768w, https:\/\/gmsplesium.com\/wp-content\/uploads\/intro_contacta-50x23.jpg 50w, https:\/\/gmsplesium.com\/wp-content\/uploads\/intro_contacta-1600x748.jpg 1600w, https:\/\/gmsplesium.com\/wp-content\/uploads\/intro_contacta-1536x718.jpg 1536w\" sizes=\"auto, (max-width: 1900px) 100vw, 1900px\" \/><div class=\"wp-block-cover__inner-container is-layout-constrained wp-block-cover-is-layout-constrained\">\n<div class=\"wp-block-group aos-fade-right\"><div class=\"wp-block-group__inner-container is-layout-constrained wp-block-group-is-layout-constrained\">\n<p class=\"yoast-breadcrumbs\"><a href=\"https:\/\/gmsplesium.com\/\">Homepage<\/a> \/ Contact us<\/p>\n\n\n\n<div style=\"height:20px\" aria-hidden=\"true\" class=\"wp-block-spacer\"><\/div>\n\n\n\n<h1 class=\"wp-block-heading has-text-align-left has-large-font-size\">Contact us<\/h1>\n<\/div><\/div>\n<\/div><\/div>\n\n\n\n<div style=\"height:100px\" aria-hidden=\"true\" class=\"wp-block-spacer\"><\/div>\n\n\n\n<div class=\"wp-block-group estrecho\"><div class=\"wp-block-group__inner-container is-layout-constrained wp-block-group-is-layout-constrained\">\n<div class=\"wp-block-columns trabaja1 is-layout-flex wp-container-core-columns-is-layout-9d6595d7 wp-block-columns-is-layout-flex\">\n<div class=\"wp-block-column is-layout-flow wp-block-column-is-layout-flow\">\n<h3 class=\"wp-block-heading has-black-color has-text-color has-link-color wp-elements-3443bf89474f07d699c1cc79a52bfce8\">CONTACT US<\/h3>\n\n\n\n<div style=\"height:40px\" aria-hidden=\"true\" class=\"wp-block-spacer\"><\/div>\n\n\n\n<p>Send us your inquiry, and we will get in touch with you to answer your questions.<\/p>\n<\/div>\n\n\n\n<div class=\"wp-block-column is-layout-flow wp-block-column-is-layout-flow\">\n<h3 class=\"wp-block-heading has-black-color has-text-color has-link-color wp-elements-807c7d4e3fc86effab8d3f55d76dc8d3\">Request<\/h3>\n\n\n\n<div style=\"height:40px\" aria-hidden=\"true\" class=\"wp-block-spacer\"><\/div>\n\n\n\n<div class=\"wp-block-contact-form-7-contact-form-selector\">\n<div class=\"wpcf7 no-js\" id=\"wpcf7-f1173-o2\" lang=\"es-ES\" dir=\"ltr\" data-wpcf7-id=\"1173\">\n<div class=\"screen-reader-response\"><p role=\"status\" aria-live=\"polite\" aria-atomic=\"true\"><\/p> <ul><\/ul><\/div>\n<form action=\"\/en\/wp-json\/wp\/v2\/pages\/12#wpcf7-f1173-o2\" method=\"post\" class=\"wpcf7-form init\" aria-label=\"Formulario de contacto\" novalidate=\"novalidate\" data-status=\"init\">\n<fieldset class=\"hidden-fields-container\"><input type=\"hidden\" name=\"_wpcf7\" value=\"1173\" \/><input type=\"hidden\" name=\"_wpcf7_version\" value=\"6.1.5\" \/><input type=\"hidden\" name=\"_wpcf7_locale\" value=\"es_ES\" \/><input type=\"hidden\" name=\"_wpcf7_unit_tag\" value=\"wpcf7-f1173-o2\" \/><input type=\"hidden\" name=\"_wpcf7_container_post\" value=\"0\" \/><input type=\"hidden\" name=\"_wpcf7_posted_data_hash\" value=\"\" \/><input type=\"hidden\" name=\"_wpcf7_recaptcha_response\" value=\"\" \/>\n<\/fieldset>\n<p><label> Nombre y apellidos<br \/>\n<span class=\"wpcf7-form-control-wrap\" data-name=\"your-name\"><input size=\"40\" maxlength=\"400\" class=\"wpcf7-form-control wpcf7-text wpcf7-validates-as-required\" autocomplete=\"name\" aria-required=\"true\" aria-invalid=\"false\" value=\"\" type=\"text\" name=\"your-name\" \/><\/span> <\/label>\n<\/p>\n<p><label> Empresa<br \/>\n<span class=\"wpcf7-form-control-wrap\" data-name=\"your-empresa\"><input size=\"40\" maxlength=\"400\" class=\"wpcf7-form-control wpcf7-text wpcf7-validates-as-required\" autocomplete=\"email\" aria-required=\"true\" aria-invalid=\"false\" value=\"\" type=\"text\" name=\"your-empresa\" \/><\/span> <\/label>\n<\/p>\n<p><label> Sector<br \/>\n<span class=\"wpcf7-form-control-wrap\" data-name=\"your-sector\"><input size=\"40\" maxlength=\"400\" class=\"wpcf7-form-control wpcf7-text wpcf7-validates-as-required\" autocomplete=\"email\" aria-required=\"true\" aria-invalid=\"false\" value=\"\" type=\"text\" name=\"your-sector\" \/><\/span> <\/label>\n<\/p>\n<p><label> Tel\u00e9fono<br \/>\n<span class=\"wpcf7-form-control-wrap\" data-name=\"your-tel\"><input size=\"40\" maxlength=\"400\" class=\"wpcf7-form-control wpcf7-tel wpcf7-validates-as-required wpcf7-text wpcf7-validates-as-tel\" autocomplete=\"email\" aria-required=\"true\" aria-invalid=\"false\" value=\"\" type=\"tel\" name=\"your-tel\" \/><\/span> <\/label>\n<\/p>\n<p><label> Email<br \/>\n<span class=\"wpcf7-form-control-wrap\" data-name=\"your-email\"><input size=\"40\" maxlength=\"400\" class=\"wpcf7-form-control wpcf7-email wpcf7-validates-as-required wpcf7-text wpcf7-validates-as-email\" autocomplete=\"email\" aria-required=\"true\" aria-invalid=\"false\" value=\"\" type=\"email\" name=\"your-email\" \/><\/span> <\/label>\n<\/p>\n<p><label> Tu consulta<br \/>\n<span class=\"wpcf7-form-control-wrap\" data-name=\"textarea-802\"><textarea cols=\"40\" rows=\"10\" maxlength=\"2000\" class=\"wpcf7-form-control wpcf7-textarea\" aria-invalid=\"false\" name=\"textarea-802\"><\/textarea><\/span><\/label>\n<\/p>\n<p><span class=\"wpcf7-form-control-wrap\" data-name=\"acceptance-541\"><span class=\"wpcf7-form-control wpcf7-acceptance\"><span class=\"wpcf7-list-item\"><label><input type=\"checkbox\" name=\"acceptance-541\" value=\"1\" aria-invalid=\"false\" \/><span class=\"wpcf7-list-item-label\">He le\u00eddo y acepto los T\u00e9rminos y Condiciones y la Pol\u00edtica de Privacidad<\/span><\/label><\/span><\/span><\/span>\n<\/p>\n<p><input class=\"wpcf7-form-control wpcf7-submit has-spinner\" type=\"submit\" value=\"Enviar\" \/>\n<\/p><p style=\"display: none !important;\" class=\"akismet-fields-container\" data-prefix=\"_wpcf7_ak_\"><label>&#916;<textarea name=\"_wpcf7_ak_hp_textarea\" cols=\"45\" rows=\"8\" maxlength=\"100\"><\/textarea><\/label><input type=\"hidden\" id=\"ak_js_2\" name=\"_wpcf7_ak_js\" value=\"137\"\/><script>document.getElementById( \"ak_js_2\" ).setAttribute( \"value\", ( new Date() ).getTime() );<\/script><\/p><div class=\"wpcf7-response-output\" aria-hidden=\"true\"><\/div>\n<\/form>\n<\/div>\n<\/div>\n<\/div>\n<\/div>\n<\/div><\/div>\n\n\n\n<div style=\"height:100px\" aria-hidden=\"true\" class=\"wp-block-spacer\"><\/div>","protected":false},"excerpt":{"rendered":"<p>CONTACT US Send us your inquiry, and we will get in touch with you to answer your questions. Request<\/p>\n","protected":false},"author":1,"featured_media":1167,"parent":0,"menu_order":0,"comment_status":"closed","ping_status":"closed","template":"","meta":{"inline_featured_image":false,"footnotes":""},"class_list":["post-12","page","type-page","status-publish","has-post-thumbnail","hentry"],"yoast_head":"<!-- This site is optimized with the Yoast SEO plugin v27.4 - https:\/\/yoast.com\/product\/yoast-seo-wordpress\/ -->\n<title>Contact us - GMS Plesium<\/title>\n<meta name=\"robots\" content=\"index, follow, max-snippet:-1, max-image-preview:large, max-video-preview:-1\" \/>\n<link rel=\"canonical\" href=\"https:\/\/gmsplesium.com\/en\/contacta\/\" \/>\n<meta property=\"og:locale\" content=\"en_US\" \/>\n<meta property=\"og:type\" content=\"article\" \/>\n<meta property=\"og:title\" content=\"Contact us - GMS Plesium\" \/>\n<meta property=\"og:description\" content=\"CONTACT US Send us your inquiry, and we will get in touch with you to answer your questions. Request\" \/>\n<meta property=\"og:url\" content=\"https:\/\/gmsplesium.com\/en\/contacta\/\" \/>\n<meta property=\"og:site_name\" content=\"GMS Plesium\" \/>\n<meta property=\"article:modified_time\" content=\"2025-04-11T08:14:24+00:00\" \/>\n<meta property=\"og:image\" content=\"https:\/\/gmsplesium.com\/wp-content\/uploads\/intro_contacta.jpg\" \/>\n\t<meta property=\"og:image:width\" content=\"1900\" \/>\n\t<meta property=\"og:image:height\" content=\"888\" \/>\n\t<meta property=\"og:image:type\" content=\"image\/jpeg\" \/>\n<meta name=\"twitter:card\" content=\"summary_large_image\" \/>\n<meta name=\"twitter:label1\" content=\"Est. reading time\" \/>\n\t<meta name=\"twitter:data1\" content=\"1 minute\" \/>\n<script type=\"application\/ld+json\" class=\"yoast-schema-graph\">{\"@context\":\"https:\\\/\\\/schema.org\",\"@graph\":[{\"@type\":\"WebPage\",\"@id\":\"https:\\\/\\\/gmsplesium.com\\\/en\\\/contacta\\\/\",\"url\":\"https:\\\/\\\/gmsplesium.com\\\/en\\\/contacta\\\/\",\"name\":\"Contact us - GMS Plesium\",\"isPartOf\":{\"@id\":\"https:\\\/\\\/gmsplesium.com\\\/en\\\/#website\"},\"primaryImageOfPage\":{\"@id\":\"https:\\\/\\\/gmsplesium.com\\\/en\\\/contacta\\\/#primaryimage\"},\"image\":{\"@id\":\"https:\\\/\\\/gmsplesium.com\\\/contacta\\\/#primaryimage\"},\"thumbnailUrl\":\"https:\\\/\\\/gmsplesium.com\\\/wp-content\\\/uploads\\\/intro_contacta.jpg\",\"datePublished\":\"2024-10-23T12:45:50+00:00\",\"dateModified\":\"2025-04-11T08:14:24+00:00\",\"breadcrumb\":{\"@id\":\"https:\\\/\\\/gmsplesium.com\\\/en\\\/contacta\\\/#breadcrumb\"},\"inLanguage\":\"en-US\",\"potentialAction\":[{\"@type\":\"ReadAction\",\"target\":[[\"https:\\\/\\\/gmsplesium.com\\\/en\\\/contacta\\\/\"]]}]},{\"@type\":\"ImageObject\",\"inLanguage\":\"en-US\",\"@id\":\"https:\\\/\\\/gmsplesium.com\\\/en\\\/contacta\\\/#primaryimage\",\"url\":\"https:\\\/\\\/gmsplesium.com\\\/wp-content\\\/uploads\\\/intro_contacta.jpg\",\"contentUrl\":\"https:\\\/\\\/gmsplesium.com\\\/wp-content\\\/uploads\\\/intro_contacta.jpg\",\"width\":1900,\"height\":888},{\"@type\":\"BreadcrumbList\",\"@id\":\"https:\\\/\\\/gmsplesium.com\\\/en\\\/contacta\\\/#breadcrumb\",\"itemListElement\":[{\"@type\":\"ListItem\",\"position\":1,\"name\":\"Inicio\",\"item\":\"https:\\\/\\\/gmsplesium.com\\\/en\\\/\"},{\"@type\":\"ListItem\",\"position\":2,\"name\":\"Contacta\"}]},{\"@type\":\"WebSite\",\"@id\":\"https:\\\/\\\/gmsplesium.com\\\/en\\\/#website\",\"url\":\"https:\\\/\\\/gmsplesium.com\\\/en\\\/\",\"name\":\"GMS Plesium\",\"description\":\"[:es]Desarrollo de equipos de mantenimiento para ej\u00e9rcitos[:]\",\"potentialAction\":[{\"@type\":\"SearchAction\",\"target\":{\"@type\":\"EntryPoint\",\"urlTemplate\":\"https:\\\/\\\/gmsplesium.com\\\/en\\\/?s={search_term_string}\"},\"query-input\":{\"@type\":\"PropertyValueSpecification\",\"valueRequired\":true,\"valueName\":\"search_term_string\"}}],\"inLanguage\":\"en-US\"}]}<\/script>\n<!-- \/ Yoast SEO plugin. -->","yoast_head_json":{"title":"Contact us - GMS Plesium","robots":{"index":"index","follow":"follow","max-snippet":"max-snippet:-1","max-image-preview":"max-image-preview:large","max-video-preview":"max-video-preview:-1"},"canonical":"https:\/\/gmsplesium.com\/en\/contacta\/","og_locale":"en_US","og_type":"article","og_title":"Contact us - GMS Plesium","og_description":"CONTACT US Send us your inquiry, and we will get in touch with you to answer your questions. Request","og_url":"https:\/\/gmsplesium.com\/en\/contacta\/","og_site_name":"GMS Plesium","article_modified_time":"2025-04-11T08:14:24+00:00","og_image":[{"width":1900,"height":888,"url":"https:\/\/gmsplesium.com\/wp-content\/uploads\/intro_contacta.jpg","type":"image\/jpeg"}],"twitter_card":"summary_large_image","twitter_misc":{"Est. reading time":"1 minute"},"schema":{"@context":"https:\/\/schema.org","@graph":[{"@type":"WebPage","@id":"https:\/\/gmsplesium.com\/en\/contacta\/","url":"https:\/\/gmsplesium.com\/en\/contacta\/","name":"Contact us - GMS Plesium","isPartOf":{"@id":"https:\/\/gmsplesium.com\/en\/#website"},"primaryImageOfPage":{"@id":"https:\/\/gmsplesium.com\/en\/contacta\/#primaryimage"},"image":{"@id":"https:\/\/gmsplesium.com\/contacta\/#primaryimage"},"thumbnailUrl":"https:\/\/gmsplesium.com\/wp-content\/uploads\/intro_contacta.jpg","datePublished":"2024-10-23T12:45:50+00:00","dateModified":"2025-04-11T08:14:24+00:00","breadcrumb":{"@id":"https:\/\/gmsplesium.com\/en\/contacta\/#breadcrumb"},"inLanguage":"en-US","potentialAction":[{"@type":"ReadAction","target":[["https:\/\/gmsplesium.com\/en\/contacta\/"]]}]},{"@type":"ImageObject","inLanguage":"en-US","@id":"https:\/\/gmsplesium.com\/en\/contacta\/#primaryimage","url":"https:\/\/gmsplesium.com\/wp-content\/uploads\/intro_contacta.jpg","contentUrl":"https:\/\/gmsplesium.com\/wp-content\/uploads\/intro_contacta.jpg","width":1900,"height":888},{"@type":"BreadcrumbList","@id":"https:\/\/gmsplesium.com\/en\/contacta\/#breadcrumb","itemListElement":[{"@type":"ListItem","position":1,"name":"Inicio","item":"https:\/\/gmsplesium.com\/en\/"},{"@type":"ListItem","position":2,"name":"Contacta"}]},{"@type":"WebSite","@id":"https:\/\/gmsplesium.com\/en\/#website","url":"https:\/\/gmsplesium.com\/en\/","name":"GMS Plesium","description":"[:es]Desarrollo de equipos de mantenimiento para ej\u00e9rcitos[:]","potentialAction":[{"@type":"SearchAction","target":{"@type":"EntryPoint","urlTemplate":"https:\/\/gmsplesium.com\/en\/?s={search_term_string}"},"query-input":{"@type":"PropertyValueSpecification","valueRequired":true,"valueName":"search_term_string"}}],"inLanguage":"en-US"}]}},"_links":{"self":[{"href":"https:\/\/gmsplesium.com\/en\/wp-json\/wp\/v2\/pages\/12","targetHints":{"allow":["GET"]}}],"collection":[{"href":"https:\/\/gmsplesium.com\/en\/wp-json\/wp\/v2\/pages"}],"about":[{"href":"https:\/\/gmsplesium.com\/en\/wp-json\/wp\/v2\/types\/page"}],"author":[{"embeddable":true,"href":"https:\/\/gmsplesium.com\/en\/wp-json\/wp\/v2\/users\/1"}],"replies":[{"embeddable":true,"href":"https:\/\/gmsplesium.com\/en\/wp-json\/wp\/v2\/comments?post=12"}],"version-history":[{"count":8,"href":"https:\/\/gmsplesium.com\/en\/wp-json\/wp\/v2\/pages\/12\/revisions"}],"predecessor-version":[{"id":1475,"href":"https:\/\/gmsplesium.com\/en\/wp-json\/wp\/v2\/pages\/12\/revisions\/1475"}],"wp:featuredmedia":[{"embeddable":true,"href":"https:\/\/gmsplesium.com\/en\/wp-json\/wp\/v2\/media\/1167"}],"wp:attachment":[{"href":"https:\/\/gmsplesium.com\/en\/wp-json\/wp\/v2\/media?parent=12"}],"curies":[{"name":"wp","href":"https:\/\/api.w.org\/{rel}","templated":true}]}}